{"id":3027,"date":"2018-06-05T17:53:30","date_gmt":"2018-06-05T15:53:30","guid":{"rendered":"http:\/\/solianiemc.internetimage.info\/azienda\/"},"modified":"2025-09-02T14:28:40","modified_gmt":"2025-09-02T12:28:40","slug":"empresa","status":"publish","type":"page","link":"https:\/\/www.solianiemc.com\/es\/empresa\/","title":{"rendered":"Azienda"},"content":{"rendered":"<h2 class=\"h3\">SOLIANI EMC: Materiales apantallantes, apantallamiento de campos electromagn\u00e9ticos, salas apantalladas, pinturas conductoras<\/h2>\n<p>Los materiales apantallantes de SOLIANI EMC ofrecen un elevado grado de protecci\u00f3n frente a los campos electromagn\u00e9ticos, lo que permite el funcionamiento de forma segura de sistemas y aparatos electr\u00f3nicos. P\u00f3ngase en contacto para obtener m\u00e1s informaci\u00f3n y para solicitar un presupuesto.<\/p>\n","protected":false},"excerpt":{"rendered":"<p>SOLIANI EMC: Materiales apantallantes, apantallamiento de campos electromagn\u00e9ticos, salas apantalladas, pinturas conductoras Los materiales apantallantes de SOLIANI EMC ofrecen un elevado grado de protecci\u00f3n frente a los campos electromagn\u00e9ticos, lo que permite el funcionamiento de forma segura de sistemas y aparatos electr\u00f3nicos. P\u00f3ngase en contacto para obtener m\u00e1s informaci\u00f3n y para solicitar un presupuesto.<\/p>\n","protected":false},"author":1,"featured_media":0,"parent":0,"menu_order":53,"comment_status":"closed","ping_status":"closed","template":"azienda.php","meta":{"_acf_changed":false,"footnotes":""},"class_list":["post-3027","page","type-page","status-publish","hentry"],"acf":[],"_links":{"self":[{"href":"https:\/\/www.solianiemc.com\/es\/wp-json\/wp\/v2\/pages\/3027","targetHints":{"allow":["GET"]}}],"collection":[{"href":"https:\/\/www.solianiemc.com\/es\/wp-json\/wp\/v2\/pages"}],"about":[{"href":"https:\/\/www.solianiemc.com\/es\/wp-json\/wp\/v2\/types\/page"}],"author":[{"embeddable":true,"href":"https:\/\/www.solianiemc.com\/es\/wp-json\/wp\/v2\/users\/1"}],"replies":[{"embeddable":true,"href":"https:\/\/www.solianiemc.com\/es\/wp-json\/wp\/v2\/comments?post=3027"}],"version-history":[{"count":0,"href":"https:\/\/www.solianiemc.com\/es\/wp-json\/wp\/v2\/pages\/3027\/revisions"}],"wp:attachment":[{"href":"https:\/\/www.solianiemc.com\/es\/wp-json\/wp\/v2\/media?parent=3027"}],"curies":[{"name":"wp","href":"https:\/\/api.w.org\/{rel}","templated":true}]}}