{"id":53171,"date":"2024-10-28T09:12:11","date_gmt":"2024-10-28T08:12:11","guid":{"rendered":"https:\/\/www.solianiemc.com\/?page_id=53171"},"modified":"2025-09-02T14:28:37","modified_gmt":"2025-09-02T12:28:37","slug":"home-2024","status":"publish","type":"page","link":"https:\/\/www.solianiemc.com\/de\/","title":{"rendered":"Home"},"content":{"rendered":"<p><strong>Anechoische Kammern<\/strong> sind speziell gestaltete Umgebungen, die verhindern, dass Signale an den W\u00e4nden reflektiert werden. <strong>RF-geschirmte Kammern<\/strong> sind in Metallpaneelen oder leitf\u00e4higem Gewebe erh\u00e4ltlich und erm\u00f6glichen den sicheren Betrieb von Anlagen und Ger\u00e4ten oder dienen zur Zertifizierung und Qualifizierung von Elektronikprodukten.<\/p>\n<p>Unsere Produktion, zertifiziert nach EN 9100 (Qualit\u00e4tsmanagementsystem), umfasst auch B\u00e4nder, Dichtmittel, Klebstoffe und leitf\u00e4hige aus Silikon und EPDM-Dichtungen, die Vorabkonformit\u00e4tspr\u00fcfungen zur elektromagnetischen Vertr\u00e4glichkeit durchlaufen, um ihre Leistung weiter zu verbessern.<\/p>\n","protected":false},"excerpt":{"rendered":"<p>Anechoische Kammern sind speziell gestaltete Umgebungen, die verhindern, dass Signale an den W\u00e4nden reflektiert werden. RF-geschirmte Kammern sind in Metallpaneelen oder leitf\u00e4higem Gewebe erh\u00e4ltlich und erm\u00f6glichen den sicheren Betrieb von Anlagen und Ger\u00e4ten oder dienen zur Zertifizierung und Qualifizierung von Elektronikprodukten. Unsere Produktion, zertifiziert nach EN 9100 (Qualit\u00e4tsmanagementsystem), umfasst auch B\u00e4nder, Dichtmittel, Klebstoffe und leitf\u00e4hige [&hellip;]<\/p>\n","protected":false},"author":1,"featured_media":0,"parent":0,"menu_order":29,"comment_status":"closed","ping_status":"closed","template":"page-home.php","meta":{"_acf_changed":false,"footnotes":""},"class_list":["post-53171","page","type-page","status-publish","hentry"],"acf":[],"_links":{"self":[{"href":"https:\/\/www.solianiemc.com\/de\/wp-json\/wp\/v2\/pages\/53171","targetHints":{"allow":["GET"]}}],"collection":[{"href":"https:\/\/www.solianiemc.com\/de\/wp-json\/wp\/v2\/pages"}],"about":[{"href":"https:\/\/www.solianiemc.com\/de\/wp-json\/wp\/v2\/types\/page"}],"author":[{"embeddable":true,"href":"https:\/\/www.solianiemc.com\/de\/wp-json\/wp\/v2\/users\/1"}],"replies":[{"embeddable":true,"href":"https:\/\/www.solianiemc.com\/de\/wp-json\/wp\/v2\/comments?post=53171"}],"version-history":[{"count":0,"href":"https:\/\/www.solianiemc.com\/de\/wp-json\/wp\/v2\/pages\/53171\/revisions"}],"wp:attachment":[{"href":"https:\/\/www.solianiemc.com\/de\/wp-json\/wp\/v2\/media?parent=53171"}],"curies":[{"name":"wp","href":"https:\/\/api.w.org\/{rel}","templated":true}]}}